{"id":2,"date":"2010-10-26T07:45:07","date_gmt":"2010-10-26T07:45:07","guid":{"rendered":"http:\/\/pifca-aef.ro\/aef\/?page_id=2"},"modified":"2025-06-03T06:42:16","modified_gmt":"2025-06-03T06:42:16","slug":"about","status":"publish","type":"page","link":"https:\/\/pifca-aef.ro\/aef\/","title":{"rendered":"Acasa"},"content":{"rendered":"\n<p><\/p>\n\n\n\n<p class=\"has-text-align-center\">Da, se poate!<\/p>\n\n\n\n<div data-wp-interactive=\"core\/file\" class=\"wp-block-file\"><object data-wp-bind--hidden=\"!state.hasPdfPreview\"  class=\"wp-block-file__embed\" data=\"https:\/\/pifca-aef.ro\/aef\/wp-content\/uploads\/2025\/06\/Dasepoate.pdf\" type=\"application\/pdf\" style=\"width:100%;height:600px\" aria-label=\"Embed of Dasepoate.\"><\/object><a id=\"wp-block-file--media-7a04c711-7d1b-4818-83fc-f57d7eba78f0\" href=\"https:\/\/pifca-aef.ro\/aef\/wp-content\/uploads\/2025\/06\/Dasepoate.pdf\">Dasepoate<\/a><a href=\"https:\/\/pifca-aef.ro\/aef\/wp-content\/uploads\/2025\/06\/Dasepoate.pdf\" class=\"wp-block-file__button wp-element-button\" download aria-describedby=\"wp-block-file--media-7a04c711-7d1b-4818-83fc-f57d7eba78f0\">Download<\/a><\/div>\n\n\n<div>\n<p style=\"text-align: center;\">COVOCARE<\/p>\n<p>\u00cen vederea stabilirii strategiei pentru constituirea \u201eColegiului Geodezilor din Rom\u00e2nia\u201d, Pre\u0219edintele AEF, convoac\u0103 Adunarea General\u0103 Extraordinar\u0103 AEF Rom\u00e2nia, pentru data de 7 februarie 2025, ora 19, pe platforma zoom, cu urm\u0103toarea ordine de zi:<\/p>\n<ol>\n<li>Stabilirea mandatului membrilor AEF, delega\u021bi la Conferin\u021ba de constituire a Colegiului Geodezilor din Rom\u00e2ni<\/li>\n<li>\u00a0Prezentarea candida\u021bilor membrilor AEF care inten\u021bioneze s\u0103 candideze pentru diverse func\u021bii \u00een cadrul \u201eColegiului geodezilor din Rom\u00e2nia\u201d, astfel \u00eenc\u00e2t s\u0103 fie cunoscu\u021bi \u0219i sus\u021binu\u021bi \u00een alegeri.<\/li>\n<li>Diverse.<\/li>\n<li style=\"list-style-type: none;\">\u00a0<\/li>\n<\/ol>\n<\/div>\n\n\n<span style=\"font-size: revert; color: initial;\">Pre\u0219edinte<\/span>\ndr. ing. Mihai Racovicean\n<\/div>\n<p style=\"text-align: left;\"><\/p>\n","protected":false},"excerpt":{"rendered":"<p>Da, se poate! COVOCARE \u00cen vederea stabilirii strategiei pentru constituirea \u201eColegiului Geodezilor din Rom\u00e2nia\u201d, Pre\u0219edintele AEF, convoac\u0103 Adunarea General\u0103 Extraordinar\u0103 AEF Rom\u00e2nia, pentru data de 7 februarie 2025, ora 19, pe platforma zoom, cu urm\u0103toarea ordine de zi: Stabilirea mandatului membrilor AEF, delega\u021bi la Conferin\u021ba de constituire a Colegiului Geodezilor din Rom\u00e2ni \u00a0Prezentarea candida\u021bilor membrilor [&hellip;]<\/p>\n","protected":false},"author":1,"featured_media":0,"parent":0,"menu_order":0,"comment_status":"open","ping_status":"open","template":"","meta":{"footnotes":""},"class_list":["post-2","page","type-page","status-publish","hentry"],"_links":{"self":[{"href":"https:\/\/pifca-aef.ro\/aef\/index.php?rest_route=\/wp\/v2\/pages\/2"}],"collection":[{"href":"https:\/\/pifca-aef.ro\/aef\/index.php?rest_route=\/wp\/v2\/pages"}],"about":[{"href":"https:\/\/pifca-aef.ro\/aef\/index.php?rest_route=\/wp\/v2\/types\/page"}],"author":[{"embeddable":true,"href":"https:\/\/pifca-aef.ro\/aef\/index.php?rest_route=\/wp\/v2\/users\/1"}],"replies":[{"embeddable":true,"href":"https:\/\/pifca-aef.ro\/aef\/index.php?rest_route=%2Fwp%2Fv2%2Fcomments&post=2"}],"version-history":[{"count":547,"href":"https:\/\/pifca-aef.ro\/aef\/index.php?rest_route=\/wp\/v2\/pages\/2\/revisions"}],"predecessor-version":[{"id":1311,"href":"https:\/\/pifca-aef.ro\/aef\/index.php?rest_route=\/wp\/v2\/pages\/2\/revisions\/1311"}],"wp:attachment":[{"href":"https:\/\/pifca-aef.ro\/aef\/index.php?rest_route=%2Fwp%2Fv2%2Fmedia&parent=2"}],"curies":[{"name":"wp","href":"https:\/\/api.w.org\/{rel}","templated":true}]}}